{"id":904,"date":"2019-10-14T11:54:04","date_gmt":"2019-10-14T09:54:04","guid":{"rendered":"https:\/\/www.parthages.be\/wordpress\/produit\/trisomie-21\/"},"modified":"2022-02-22T09:25:06","modified_gmt":"2022-02-22T08:25:06","slug":"trisomie-21","status":"publish","type":"product","link":"https:\/\/www.parthages.be\/eboutique\/produit\/trisomie-21\/","title":{"rendered":"Trisomie 21"},"content":{"rendered":"<p>L&rsquo;auteure le sait mieux que quiconque : \u00ab\u00a0Tout peut vite devenir compliqu\u00e9 aux c\u00f4t\u00e9s d&rsquo;un enfant diff\u00e9rent.\u00a0\u00bb Nos enfants, ordinaires ou pas, nous donnent parfois l&rsquo;impression de prendre toute la place et de nous emp\u00eacher d&rsquo;exister pour nous-m\u00eames. Mais cette relation \u00e0 nos enfants, si chronophage soit-elle, nous permet, si l&rsquo;on change notre regard et notre positionnement, d&rsquo;aller \u00e0 notre propre rencontre, de faire chemin vers soi, en cheminant avec eux et leurs diff\u00e9rences. C&rsquo;est par le biais de mon histoire singuli\u00e8re, de cette relation que j&rsquo;ai avec mon fils diff\u00e9rent, et qui colore d&rsquo;un grain particulier celle que j&rsquo;entretiens avec mes filles, que je peux dire : \u00ab\u00a0Cheminer aux c\u00f4t\u00e9s de ses enfants, c&rsquo;est cheminer aussi vers soi-m\u00eame.\u00a0\u00bb Alors, que chacun se mette en route, \u00e0 son rythme, car la randonn\u00e9e risque d&rsquo;\u00eatre longue, et parfois p\u00e9rilleuse&#8230; mais fera de cette aventure un d\u00e9licieux conte a vivre. Ce que je vous propose, au fond, c&rsquo;est de voir les choses autrement, le temps d&rsquo;un court r\u00e9cit, d&rsquo;inverser un instant nos valeurs. Adopter un positionnement diff\u00e9rent, parfois juste un quart de tour vers la droite ou vers la gauche, permet une vision elle aussi diff\u00e9rente du chemin, rend possible une autre fa\u00e7on de marcher et le mouvement se fait plus fluide, plus l\u00e9ger. D&rsquo;autres routes m\u00eame peuvent se pr\u00e9senter et le bonheur, le bonheur simple du quotidien, devient palpable. Enfin, rappelons-nous ces mots de Michel Audiard : \u00ab\u00a0Bienheureux les f\u00eal\u00e9s, car ils laisseront passer la lumi\u00e8re.\u00a0\u00bb (Pr\u00e9sentation de l&rsquo;\u00e9diteur)<\/p>\n<p>MARSELLI S.<\/p>\n<p>Tom Pousse<\/p>\n<p>2018-150p.-11\u20ac<\/p>\n<p>185gr<\/p>\n<p>ISBN\u00a0: 978-2-35345-201-9<\/p>\n<p>Cote doc\u00a0: 4-10-MAR-T<\/p>\n<span class=\"et_bloom_bottom_trigger\"><\/span>","protected":false},"excerpt":{"rendered":"<p>L&rsquo;auteure le sait mieux que quiconque : \u00ab\u00a0Tout peut vite devenir compliqu\u00e9 aux c\u00f4t\u00e9s d&rsquo;un enfant diff\u00e9rent.\u00a0\u00bb<\/p>\n","protected":false},"featured_media":903,"comment_status":"open","ping_status":"closed","template":"","meta":{"_et_pb_use_builder":"","_et_pb_old_content":"","_et_gb_content_width":"","spay_email":""},"class_list":["post-904","product","type-product","status-publish","has-post-thumbnail","hentry","product_cat-livres","product_cat-livres-jeunesse","product_tag-enfant-handicape","product_tag-fratrie","product_tag-regard","product_tag-relation-mere-fils","product_tag-trisomie-21"],"jetpack_sharing_enabled":true,"jetpack_likes_enabled":true,"_links":{"self":[{"href":"https:\/\/www.parthages.be\/eboutique\/wp-json\/wp\/v2\/product\/904","targetHints":{"allow":["GET"]}}],"collection":[{"href":"https:\/\/www.parthages.be\/eboutique\/wp-json\/wp\/v2\/product"}],"about":[{"href":"https:\/\/www.parthages.be\/eboutique\/wp-json\/wp\/v2\/types\/product"}],"replies":[{"embeddable":true,"href":"https:\/\/www.parthages.be\/eboutique\/wp-json\/wp\/v2\/comments?post=904"}],"wp:featuredmedia":[{"embeddable":true,"href":"https:\/\/www.parthages.be\/eboutique\/wp-json\/wp\/v2\/media\/903"}],"wp:attachment":[{"href":"https:\/\/www.parthages.be\/eboutique\/wp-json\/wp\/v2\/media?parent=904"}],"curies":[{"name":"wp","href":"https:\/\/api.w.org\/{rel}","templated":true}]}}