{"id":906,"date":"2019-10-14T11:55:48","date_gmt":"2019-10-14T09:55:48","guid":{"rendered":"https:\/\/www.parthages.be\/wordpress\/produit\/l-autisme\/"},"modified":"2022-11-11T09:15:58","modified_gmt":"2022-11-11T08:15:58","slug":"l-autisme","status":"publish","type":"product","link":"https:\/\/www.parthages.be\/eboutique\/produit\/l-autisme\/","title":{"rendered":"L&rsquo;autisme"},"content":{"rendered":"<p>\u00abMax, le petit fr\u00e8re de Flore, est autiste. Il ne parle presque pas, il a des comportements inattendus et il accapare toute l&rsquo;attention de maman. Le quotidien de Flore avec ce petit fr\u00e8re est compliqu\u00e9 : pourquoi ne lui fait-il jamais de c\u00e2lin ? Comment r\u00e9ussir \u00e0 interagir avec lui ? Un documentaire qui explique ce qu&rsquo;est l&rsquo;autisme, et parle avec finesse des difficult\u00e9s rencontr\u00e9es par les enfants confront\u00e9s de pr\u00e8s \u00e0 ce handicap.<\/p>\n<p>(Pr\u00e9sentation de l&rsquo;\u00e9diteur)<\/p>\n<p>CATHALA A.- BASIL A.<\/p>\n<p>Milan Mes petits Pourquoi<\/p>\n<p>2019-32p-7.60\u20ac<\/p>\n<p>252 gr<\/p>\n<p>ISBN\u00a0: 978-240800762-1<\/p>\n<span class=\"et_bloom_bottom_trigger\"><\/span>","protected":false},"excerpt":{"rendered":"<p>\u00abMax, le petit fr\u00e8re de Flore, est autiste. Il ne parle presque pas, il a des comportements inattendus et il accapare toute l&rsquo;attention de maman.<\/p>\n","protected":false},"featured_media":905,"comment_status":"open","ping_status":"closed","template":"","meta":{"_et_pb_use_builder":"","_et_pb_old_content":"","_et_gb_content_width":"","spay_email":""},"class_list":["post-906","product","type-product","status-publish","has-post-thumbnail","hentry","product_cat-livres","product_cat-livres-jeunesse","product_tag-amour","product_tag-autisme","product_tag-enfant","product_tag-jeunesse","product_tag-personne-handicapee","product_tag-trouble-de-la-communication","product_tag-trouble-du-com-portement"],"jetpack_sharing_enabled":true,"jetpack_likes_enabled":true,"_links":{"self":[{"href":"https:\/\/www.parthages.be\/eboutique\/wp-json\/wp\/v2\/product\/906","targetHints":{"allow":["GET"]}}],"collection":[{"href":"https:\/\/www.parthages.be\/eboutique\/wp-json\/wp\/v2\/product"}],"about":[{"href":"https:\/\/www.parthages.be\/eboutique\/wp-json\/wp\/v2\/types\/product"}],"replies":[{"embeddable":true,"href":"https:\/\/www.parthages.be\/eboutique\/wp-json\/wp\/v2\/comments?post=906"}],"wp:featuredmedia":[{"embeddable":true,"href":"https:\/\/www.parthages.be\/eboutique\/wp-json\/wp\/v2\/media\/905"}],"wp:attachment":[{"href":"https:\/\/www.parthages.be\/eboutique\/wp-json\/wp\/v2\/media?parent=906"}],"curies":[{"name":"wp","href":"https:\/\/api.w.org\/{rel}","templated":true}]}}