{"id":908,"date":"2019-10-14T11:58:35","date_gmt":"2019-10-14T09:58:35","guid":{"rendered":"https:\/\/www.parthages.be\/wordpress\/produit\/comment-comprendre-mon-copain-autiste\/"},"modified":"2022-11-04T11:01:09","modified_gmt":"2022-11-04T10:01:09","slug":"comment-comprendre-mon-copain-autiste","status":"publish","type":"product","link":"https:\/\/www.parthages.be\/eboutique\/produit\/comment-comprendre-mon-copain-autiste\/","title":{"rendered":"Comment comprendre mon copain autiste"},"content":{"rendered":"<p>Ce livre Propose aux lecteurs des d\u00e9clinaisons du Manuel illustr\u00e9, pour approfondir les connaissances, mieux comprendre.<\/p>\n<p>Balaye les id\u00e9es re\u00e7ues.<\/p>\n<p>Invite le jeune lecteur \u00e0 d\u00e9passer ses peurs et \u00e0 travailler sur lui. Il lui explique que son attitude positive est primordiale.<\/p>\n<p>Donne des clefs pour comprendre et partager avec l&rsquo;enfant autiste, inspir\u00e9es par les m\u00e9thodes comportementales.<\/p>\n<p>Donne des pictogrammes pour aborder chaque type de situation.<\/p>\n<p>Tout cela dans la bonne humeur !<\/p>\n<p>N&rsquo;oubliez pas, les enfants n&rsquo;ont pas d&rsquo;appr\u00e9hension vis-\u00e0-vis de la diff\u00e9rence. Par contre, ils sont tr\u00e8s curieux ! (Pr\u00e9sentation de l&rsquo;auteur)<\/p>\n<p>PATFAWL P.- GUERARD S.<\/p>\n<p>Editions la Boite \u00e0 Pandore<\/p>\n<p>2018-1052p.-15\u20ac<\/p>\n<p>160 gr<\/p>\n<p>ISBN\u00a0: 978-2-87557-351-3<\/p>\n<p>Cote doc: 11-PAT-C<\/p>\n<span class=\"et_bloom_bottom_trigger\"><\/span>","protected":false},"excerpt":{"rendered":"<p>Ce livre Propose aux lecteurs des d\u00e9clinaisons du Manuel illustr\u00e9, pour approfondir les connaissances, mieux comprendre.<\/p>\n","protected":false},"featured_media":907,"comment_status":"open","ping_status":"closed","template":"","meta":{"_et_pb_use_builder":"","_et_pb_old_content":"","_et_gb_content_width":"","spay_email":""},"class_list":["post-908","product","type-product","status-publish","has-post-thumbnail","hentry","product_cat-livres","product_cat-livres-jeunesse","product_tag-autisme","product_tag-difference","product_tag-enfant","product_tag-humour","product_tag-integration","product_tag-outil-pedagogique","product_tag-personne-handicapee","product_tag-pictogramme","product_tag-scolarite"],"jetpack_sharing_enabled":true,"jetpack_likes_enabled":true,"_links":{"self":[{"href":"https:\/\/www.parthages.be\/eboutique\/wp-json\/wp\/v2\/product\/908","targetHints":{"allow":["GET"]}}],"collection":[{"href":"https:\/\/www.parthages.be\/eboutique\/wp-json\/wp\/v2\/product"}],"about":[{"href":"https:\/\/www.parthages.be\/eboutique\/wp-json\/wp\/v2\/types\/product"}],"replies":[{"embeddable":true,"href":"https:\/\/www.parthages.be\/eboutique\/wp-json\/wp\/v2\/comments?post=908"}],"wp:featuredmedia":[{"embeddable":true,"href":"https:\/\/www.parthages.be\/eboutique\/wp-json\/wp\/v2\/media\/907"}],"wp:attachment":[{"href":"https:\/\/www.parthages.be\/eboutique\/wp-json\/wp\/v2\/media?parent=908"}],"curies":[{"name":"wp","href":"https:\/\/api.w.org\/{rel}","templated":true}]}}