{"id":914,"date":"2019-10-14T13:23:24","date_gmt":"2019-10-14T11:23:24","guid":{"rendered":"https:\/\/www.parthages.be\/wordpress\/produit\/le-handicap-pourquoi-ca-me-concerne\/"},"modified":"2022-02-18T10:21:36","modified_gmt":"2022-02-18T09:21:36","slug":"le-handicap-pourquoi-ca-me-concerne","status":"publish","type":"product","link":"https:\/\/www.parthages.be\/eboutique\/produit\/le-handicap-pourquoi-ca-me-concerne\/","title":{"rendered":"Le handicap, pourquoi \u00e7a me concerne ?"},"content":{"rendered":"<p><strong>Et toutes les questions que tu te poses pour accepter les diff\u00e9rences <\/strong><\/p>\n<p>C&rsquo;est quoi un handicap ? Tous les handicaps sont-ils visibles ? Le handicap, \u00e7a concerne qui ? Peut-on aller \u00e0 l&rsquo;\u00e9cole avec un handicap ? Les handicap\u00e9s ont-ils des superpouvoirs ?<\/p>\n<p>Un livre indispensable pour changer notre regard sur les autres et vivre tous ensemble dans la m\u00eame soci\u00e9t\u00e9, \u00e9crit par Sylvie Baussier, auteur de plusieurs livres jeunesse sur le handicap. (Pr\u00e9sentation de l\u2019Editeur)<\/p>\n<p>BAUSSIER S.- LALLEMAND C.<\/p>\n<p>Fleurus<\/p>\n<p>2017-48p-9\u20ac<\/p>\n<p>254 gr<\/p>\n<p>ISBN\u00a0: 978-2-215-13480-0<\/p>\n<span class=\"et_bloom_bottom_trigger\"><\/span>","protected":false},"excerpt":{"rendered":"<p>Et toutes les questions que tu te poses pour accepter les diff\u00e9rences<strong> <\/strong><\/p>\n","protected":false},"featured_media":913,"comment_status":"open","ping_status":"closed","template":"","meta":{"_et_pb_use_builder":"","_et_pb_old_content":"","_et_gb_content_width":"","spay_email":""},"class_list":["post-914","product","type-product","status-publish","has-post-thumbnail","hentry","product_cat-livres","product_cat-livres-jeunesse","product_tag-adolescent","product_tag-difference","product_tag-enfant","product_tag-jeunesse","product_tag-outil","product_tag-personne-handicapee","product_tag-regard","product_tag-scolaire","product_tag-vie","product_tag-vie-sociale"],"jetpack_sharing_enabled":true,"jetpack_likes_enabled":true,"_links":{"self":[{"href":"https:\/\/www.parthages.be\/eboutique\/wp-json\/wp\/v2\/product\/914","targetHints":{"allow":["GET"]}}],"collection":[{"href":"https:\/\/www.parthages.be\/eboutique\/wp-json\/wp\/v2\/product"}],"about":[{"href":"https:\/\/www.parthages.be\/eboutique\/wp-json\/wp\/v2\/types\/product"}],"replies":[{"embeddable":true,"href":"https:\/\/www.parthages.be\/eboutique\/wp-json\/wp\/v2\/comments?post=914"}],"wp:featuredmedia":[{"embeddable":true,"href":"https:\/\/www.parthages.be\/eboutique\/wp-json\/wp\/v2\/media\/913"}],"wp:attachment":[{"href":"https:\/\/www.parthages.be\/eboutique\/wp-json\/wp\/v2\/media?parent=914"}],"curies":[{"name":"wp","href":"https:\/\/api.w.org\/{rel}","templated":true}]}}