{"id":916,"date":"2019-10-14T13:24:52","date_gmt":"2019-10-14T11:24:52","guid":{"rendered":"https:\/\/www.parthages.be\/wordpress\/produit\/l-enfant-atypique-hyperactif-haut-potentiel-dys-asperger-faire-de-sa-difference-une-force\/"},"modified":"2022-03-23T17:26:32","modified_gmt":"2022-03-23T16:26:32","slug":"l-enfant-atypique-hyperactif-haut-potentiel-dys-asperger-faire-de-sa-difference-une-force","status":"publish","type":"product","link":"https:\/\/www.parthages.be\/eboutique\/produit\/l-enfant-atypique-hyperactif-haut-potentiel-dys-asperger-faire-de-sa-difference-une-force\/","title":{"rendered":"L&rsquo;enfant atypique : Hyperactif, haut potentiel, dys, Asperger faire de sa diff\u00e9rence une force"},"content":{"rendered":"<p>Il a des difficult\u00e9s \u00e0 trouver sa place \u00e0 l&rsquo;\u00e9cole, dans la fratrie, ou bien \u00e0 se socialiser et \u00e0 int\u00e9grer un groupe de son \u00e2ge ? Alors qu&rsquo;il est per\u00e7u comme \u00ab\u00a0trop\u00a0\u00bb s\u00e9rieux, \u00ab\u00a0trop\u00a0\u00bb intelligent, \u00ab\u00a0trop\u00a0\u00bb diff\u00e9rent, comment l&rsquo;aider \u00e0 d\u00e9velopper ses qualit\u00e9s et une saine estime de lui-m\u00eame ? Alexandra Reynaud \u00e9claire les parents d&rsquo;enfants atypiques, et les guide dans une approche \u00e9ducative r\u00e9solument bienveillante. Au-del\u00e0 de la question du diagnostic, cette maman d&rsquo;un atypique \u00ab\u00a0de comp\u00e8te\u00a0\u00bb nous donne les cl\u00e9s pour qu&rsquo;ils s&rsquo;\u00e9panouissent \u00e0 la maison, \u00e0 l&rsquo;\u00e9cole, et tout au long de leurs apprentissages. Ce livre propose : Des outils pour aider les atypiques \u00e0 d\u00e9velopper leur estime de soi, \u00e0 se faire des amis&#8230; Des r\u00e9ponses aux questions de parents Des exercices et activit\u00e9s pour g\u00e9rer les \u00e9motions, les conflits \u00e0 l&rsquo;\u00e9cole, les apprentissages\u2026 Des t\u00e9moignages d&rsquo;enfants atypiques et de leurs parents Des pages d\u00e9tachables pour poursuivre les activit\u00e9s \u00a0\u00bb (pr\u00e9sentation de l&rsquo;\u00e9diteur)<\/p>\n<p>REYNAUD A.<\/p>\n<p>Editions Eyrolles<\/p>\n<p>2018-178p-14,90\u20ac<\/p>\n<p>490 gr<\/p>\n<p>ISBN\u00a0: 978-2-212-56916-2<\/p>\n<span class=\"et_bloom_bottom_trigger\"><\/span>","protected":false},"excerpt":{"rendered":"<p>Il a des difficult\u00e9s \u00e0 trouver sa place \u00e0 l&rsquo;\u00e9cole, dans la fratrie, ou bien \u00e0 se socialiser et \u00e0 int\u00e9grer un groupe de son \u00e2ge ?<\/p>\n","protected":false},"featured_media":915,"comment_status":"open","ping_status":"closed","template":"","meta":{"_et_pb_use_builder":"","_et_pb_old_content":"","_et_gb_content_width":"","spay_email":""},"class_list":["post-916","product","type-product","status-publish","has-post-thumbnail","hentry","product_cat-livres","product_tag-difference","product_tag-enfant-en-difficulte","product_tag-enfant-handicape","product_tag-fratrie","product_tag-hyperactivite","product_tag-outil","product_tag-syndrome-dasperger","product_tag-vie-familiale","product_tag-vie-scolaire","product_tag-vie-sociale"],"jetpack_sharing_enabled":true,"jetpack_likes_enabled":true,"_links":{"self":[{"href":"https:\/\/www.parthages.be\/eboutique\/wp-json\/wp\/v2\/product\/916","targetHints":{"allow":["GET"]}}],"collection":[{"href":"https:\/\/www.parthages.be\/eboutique\/wp-json\/wp\/v2\/product"}],"about":[{"href":"https:\/\/www.parthages.be\/eboutique\/wp-json\/wp\/v2\/types\/product"}],"replies":[{"embeddable":true,"href":"https:\/\/www.parthages.be\/eboutique\/wp-json\/wp\/v2\/comments?post=916"}],"wp:featuredmedia":[{"embeddable":true,"href":"https:\/\/www.parthages.be\/eboutique\/wp-json\/wp\/v2\/media\/915"}],"wp:attachment":[{"href":"https:\/\/www.parthages.be\/eboutique\/wp-json\/wp\/v2\/media?parent=916"}],"curies":[{"name":"wp","href":"https:\/\/api.w.org\/{rel}","templated":true}]}}