{"id":918,"date":"2019-10-14T13:27:00","date_gmt":"2019-10-14T11:27:00","guid":{"rendered":"https:\/\/www.parthages.be\/wordpress\/produit\/le-syndrome-dys-executif-chez-l-enfant-et-l-adolescent\/"},"modified":"2022-05-16T20:18:19","modified_gmt":"2022-05-16T18:18:19","slug":"le-syndrome-dys-executif-chez-l-enfant-et-l-adolescent","status":"publish","type":"product","link":"https:\/\/www.parthages.be\/eboutique\/produit\/le-syndrome-dys-executif-chez-l-enfant-et-l-adolescent\/","title":{"rendered":"Le syndrome dys-ex\u00e9cutif chez l&rsquo;enfant et l&rsquo;adolescent"},"content":{"rendered":"<p>Cette 2e \u00e9dition propose des mises \u00e0 jour et enrichissements importants : nouveaux exemples pr\u00e9sentant des situations et t\u00e2ches r\u00e9guli\u00e8rement rencontr\u00e9es \u00e0 l&rsquo;\u00e9cole primaire, exploration de pathologies g\u00e9n\u00e9tiques, traitements pharmacologiques compl\u00e9mentaires\u2026<\/p>\n<p>Compos\u00e9 de deux parties, cet ouvrage articule m\u00e9dical et p\u00e9dagogique. Il pr\u00e9sente des approches diff\u00e9rentes, mais qui s&rsquo;imbriquent pour atteindre le m\u00eame but : aider tous ceux qui seront amen\u00e9s \u00e0 c\u00f4toyer et accompagner les jeunes souffrant de troubles dys-ex\u00e9cutifs.<\/p>\n<p>La premi\u00e8re partie fait un point synth\u00e9tique sur les aspects m\u00e9dicaux du syndrome dys-attentionnel (TDA\/H) et dys-ex\u00e9cutif. Apr\u00e8s une description du d\u00e9veloppement normal de ces fonctions chez l&rsquo;enfant, sont abord\u00e9s leurs aspects pathologiques : sympt\u00f4mes, r\u00e9percussions dans les apprentissages, puis les strat\u00e9gies et \u00e9valuations qui conduisent au diagnostic. Enfin, sont indiqu\u00e9es les grandes lignes des pr\u00e9conisations th\u00e9rapeutiques (m\u00e9dicamenteuses et r\u00e9\u00e9ducatives) ;<\/p>\n<p>La seconde partie est consacr\u00e9e au jeune dys-ex\u00e9cutif en milieu scolaire (\u00e9cole primaire, coll\u00e8ge et lyc\u00e9e). C&rsquo;est dans ce cadre que s&rsquo;expriment essentiellement ses difficult\u00e9s. \u00c0 travers un grand nombre d&rsquo;exemples de devoirs, choisis dans l&rsquo;\u00e9ventail des disciplines scolaires (sciences, litt\u00e9rature, histoire-g\u00e9ographie\u2026), les auteurs dessinent une \u00a0\u00bb m\u00e9thodologie g\u00e9n\u00e9rale de l&rsquo;adaptation \u00a0\u00bb et jettent les bases d&rsquo;une r\u00e9flexion sur les principes qui aideront \u00e0 l&rsquo;\u00e9laboration de strat\u00e9gies compensatrices pertinentes, indispensables pour ces jeunes.(pr\u00e9sentation de l&rsquo;\u00e9diteur)<\/p>\n<p>MORET A.- MAZEAU M.<\/p>\n<p>Elsevier Masson<\/p>\n<p>2019-224p-39\u20ac<\/p>\n<p>442 gr<\/p>\n<p>ISBN\u00a0: 978-2-294-76280-2<\/p>\n<p>Cote doc : 2-30-MOR-S<\/p>\n<span class=\"et_bloom_bottom_trigger\"><\/span>","protected":false},"excerpt":{"rendered":"<p>Cette 2e \u00e9dition propose des mises \u00e0 jour et enrichissements importants : nouveaux exemples pr\u00e9sentant des situations et t\u00e2ches r\u00e9guli\u00e8rement rencontr\u00e9es \u00e0 l&rsquo;\u00e9cole primaire, exploration de pathologies g\u00e9n\u00e9tiques, traitements pharmacologiques compl\u00e9mentaires\u2026<\/p>\n","protected":false},"featured_media":917,"comment_status":"open","ping_status":"closed","template":"","meta":{"_et_pb_use_builder":"","_et_pb_old_content":"","_et_gb_content_width":"","spay_email":""},"class_list":["post-918","product","type-product","status-publish","has-post-thumbnail","hentry","product_cat-livres","product_cat-livres-jeunesse","product_tag-adolescent","product_tag-diagnostic","product_tag-enfant","product_tag-outil-pedagogique","product_tag-pedagogie","product_tag-personne-handicapee","product_tag-scolarite","product_tag-strategie"],"jetpack_sharing_enabled":true,"jetpack_likes_enabled":true,"_links":{"self":[{"href":"https:\/\/www.parthages.be\/eboutique\/wp-json\/wp\/v2\/product\/918","targetHints":{"allow":["GET"]}}],"collection":[{"href":"https:\/\/www.parthages.be\/eboutique\/wp-json\/wp\/v2\/product"}],"about":[{"href":"https:\/\/www.parthages.be\/eboutique\/wp-json\/wp\/v2\/types\/product"}],"replies":[{"embeddable":true,"href":"https:\/\/www.parthages.be\/eboutique\/wp-json\/wp\/v2\/comments?post=918"}],"wp:featuredmedia":[{"embeddable":true,"href":"https:\/\/www.parthages.be\/eboutique\/wp-json\/wp\/v2\/media\/917"}],"wp:attachment":[{"href":"https:\/\/www.parthages.be\/eboutique\/wp-json\/wp\/v2\/media?parent=918"}],"curies":[{"name":"wp","href":"https:\/\/api.w.org\/{rel}","templated":true}]}}