{"id":920,"date":"2019-10-14T13:30:12","date_gmt":"2019-10-14T11:30:12","guid":{"rendered":"https:\/\/www.parthages.be\/wordpress\/produit\/a-la-conquete-de-nouveaux-sommets\/"},"modified":"2022-04-05T14:45:49","modified_gmt":"2022-04-05T12:45:49","slug":"a-la-conquete-de-nouveaux-sommets","status":"publish","type":"product","link":"https:\/\/www.parthages.be\/eboutique\/produit\/a-la-conquete-de-nouveaux-sommets\/","title":{"rendered":"A la conqu\u00eate de nouveaux sommets"},"content":{"rendered":"<p>Contorsionniste et voltigeuse, Silke Pan travaille \u00e0 travers toute l\u2019Europe. La magie du cirque&#8230; elle y rencontre Didier Dvorak, son futur mari. Les contrats abondent, jusqu\u2019au jour o\u00f9 une terrible chute du trap\u00e8ze brise les ailes de l\u2019acrobate. \u00c9cran noir. Elle se r\u00e9veille deux semaines plus tard dans une chambre d\u2019h\u00f4pital, parapl\u00e9gique. Alors que tout s\u2019effondre, l\u2019ex-artiste de cirque apprivoise ses douleurs, mentales et physiques, puis d\u00e9ploie \u00e0 nouveau ses ailes\u2026 pour voler au sommet d\u2019une carri\u00e8re sportive sur sa nouvelle monture d\u2019infortune, le handbike. Son parcours sem\u00e9 d\u2019emb\u00fbches foisonne rapidement de m\u00e9dailles et de records. Toujours \u00e0 la recherche de nouveaux d\u00e9fis, elle se lance dans l\u2019ascension de treize cols alpins suisses \u00e0 la force des bras, piment\u00e9e par des rencontres exceptionnelles. (Pr\u00e9sentation de l&rsquo;\u00e9diteur)<\/p>\n<p>PAN S.- DVORAK D.<\/p>\n<p>Editions Favre<\/p>\n<p>2018-384p-24\u20ac<\/p>\n<p>820 gr<\/p>\n<p>ISBN\u00a0: 978-2-8289-1700-5<\/p>\n<p>Cote doc\u00a0: 2-60-PAN-C<\/p>\n<span class=\"et_bloom_bottom_trigger\"><\/span>","protected":false},"excerpt":{"rendered":"<p>Contorsionniste et voltigeuse, Silke Pan travaille \u00e0 travers toute l\u2019Europe.<\/p>\n","protected":false},"featured_media":919,"comment_status":"open","ping_status":"closed","template":"","meta":{"_et_pb_use_builder":"","_et_pb_old_content":"","_et_gb_content_width":"","spay_email":""},"class_list":["post-920","product","type-product","status-publish","has-post-thumbnail","hentry","product_cat-livres","product_tag-acceptation","product_tag-accident-de-sport","product_tag-defi","product_tag-paraplegie","product_tag-personne-handicapee","product_tag-sport","product_tag-temoignage"],"jetpack_sharing_enabled":true,"jetpack_likes_enabled":true,"_links":{"self":[{"href":"https:\/\/www.parthages.be\/eboutique\/wp-json\/wp\/v2\/product\/920","targetHints":{"allow":["GET"]}}],"collection":[{"href":"https:\/\/www.parthages.be\/eboutique\/wp-json\/wp\/v2\/product"}],"about":[{"href":"https:\/\/www.parthages.be\/eboutique\/wp-json\/wp\/v2\/types\/product"}],"replies":[{"embeddable":true,"href":"https:\/\/www.parthages.be\/eboutique\/wp-json\/wp\/v2\/comments?post=920"}],"wp:featuredmedia":[{"embeddable":true,"href":"https:\/\/www.parthages.be\/eboutique\/wp-json\/wp\/v2\/media\/919"}],"wp:attachment":[{"href":"https:\/\/www.parthages.be\/eboutique\/wp-json\/wp\/v2\/media?parent=920"}],"curies":[{"name":"wp","href":"https:\/\/api.w.org\/{rel}","templated":true}]}}