{"id":924,"date":"2019-10-14T13:35:35","date_gmt":"2019-10-14T11:35:35","guid":{"rendered":"https:\/\/www.parthages.be\/wordpress\/produit\/guide-de-survie-de-la-personne-autiste\/"},"modified":"2022-06-07T10:03:37","modified_gmt":"2022-06-07T08:03:37","slug":"guide-de-survie-de-la-personne-autiste","status":"publish","type":"product","link":"https:\/\/www.parthages.be\/eboutique\/produit\/guide-de-survie-de-la-personne-autiste\/","title":{"rendered":"Guide de survie de la personne autiste"},"content":{"rendered":"<p>Comment identifier le profil sensoriel d&rsquo;une personne autiste ? Comment s&rsquo;affirmer ? Comment identifier la malveillance ? Quelles sont les forces possibles d&rsquo;une personne autiste ? Comment concilier \u00e9tudes sup\u00e9rieures et autisme ? Toutes ces questions et bien d&rsquo;autres sont trait\u00e9es dans ce guide de la personne autiste qui aborde de tr\u00e8s nombreux sujets. Cet ouvrage s&rsquo;inscrit dans la continuit\u00e9 du blog AspieConseil, espace de techniques appropri\u00e9es aux personnes autistes. Dans une perspective th\u00e9orique et pratique, Jean-Philippe PIAT, lui-m\u00eame autiste, livre ses techniques qui l&rsquo;ont aid\u00e9 \u00e0 mieux vivre son autisme. La force de cet ouvrage est de d\u00e9passer l&rsquo;exp\u00e9rience de l&rsquo;auteur et ainsi proposer un outillage simple et coh\u00e9rent pour les personnes autistes, les proches et les professionnels. (Pr\u00e9sentation de l&rsquo;\u00e9diteur)<\/p>\n<p>PIAT J.-P.<\/p>\n<p>Autisme France Diffusion<\/p>\n<p>2018- 368p.-24.50\u20ac<\/p>\n<p>590 gr<\/p>\n<p>ISBN\u00a0: 978-2-917150-50-4<\/p>\n<p>Cote doc: 1-70-PIA-G<\/p>\n<span class=\"et_bloom_bottom_trigger\"><\/span>","protected":false},"excerpt":{"rendered":"<p>Comment identifier le profil sensoriel d&rsquo;une personne autiste ? Comment s&rsquo;affirmer ? Comment identifier la malveillance ? Quelles sont les forces possibles d&rsquo;une personne autiste ?<\/p>\n","protected":false},"featured_media":923,"comment_status":"open","ping_status":"closed","template":"","meta":{"_et_pb_use_builder":"","_et_pb_old_content":"","_et_gb_content_width":"","spay_email":""},"class_list":["post-924","product","type-product","status-publish","has-post-thumbnail","hentry","product_cat-livres","product_tag-autisme","product_tag-autonomie","product_tag-demarche-administra-tive","product_tag-emploi","product_tag-independance","product_tag-outil","product_tag-parentalite","product_tag-personne-handicapee","product_tag-soins","product_tag-strategie","product_tag-syndrome-dasperger"],"jetpack_sharing_enabled":true,"jetpack_likes_enabled":true,"_links":{"self":[{"href":"https:\/\/www.parthages.be\/eboutique\/wp-json\/wp\/v2\/product\/924","targetHints":{"allow":["GET"]}}],"collection":[{"href":"https:\/\/www.parthages.be\/eboutique\/wp-json\/wp\/v2\/product"}],"about":[{"href":"https:\/\/www.parthages.be\/eboutique\/wp-json\/wp\/v2\/types\/product"}],"replies":[{"embeddable":true,"href":"https:\/\/www.parthages.be\/eboutique\/wp-json\/wp\/v2\/comments?post=924"}],"wp:featuredmedia":[{"embeddable":true,"href":"https:\/\/www.parthages.be\/eboutique\/wp-json\/wp\/v2\/media\/923"}],"wp:attachment":[{"href":"https:\/\/www.parthages.be\/eboutique\/wp-json\/wp\/v2\/media?parent=924"}],"curies":[{"name":"wp","href":"https:\/\/api.w.org\/{rel}","templated":true}]}}