{"id":928,"date":"2020-01-16T12:08:08","date_gmt":"2020-01-16T11:08:08","guid":{"rendered":"https:\/\/www.parthages.be\/wordpress\/produit\/handicap-le-guide-pratique-2019\/"},"modified":"2020-01-16T12:08:08","modified_gmt":"2020-01-16T11:08:08","slug":"handicap-le-guide-pratique-2019","status":"publish","type":"product","link":"https:\/\/www.parthages.be\/eboutique\/produit\/handicap-le-guide-pratique-2019\/","title":{"rendered":"Handicap le guide pratique 2019"},"content":{"rendered":"<p style=\"margin-bottom: 0cm;\" align=\"JUSTIFY\"><span style=\"color: #333333;\"><span style=\"font-family: Times New Roman, serif;\"><span style=\"font-size: medium;\">Un guide vraiment pratique et parfaitement \u00e0 jour pour r\u00e9pondre \u00e0 toutes vos questions :<\/span><\/span><\/span><\/p>\n<p style=\"margin-bottom: 0cm;\" align=\"JUSTIFY\">\u00a0<\/p>\n<p style=\"margin-bottom: 0cm;\" align=\"JUSTIFY\"><span style=\"color: #333333;\">\u2022 <span style=\"font-family: Times New Roman, serif;\"><span style=\"font-size: medium;\">Quel accueil pour mon enfant, mon adolescent en situation de handicap ?<\/span><\/span><\/span><\/p>\n<p style=\"margin-bottom: 0cm;\" align=\"JUSTIFY\"><span style=\"color: #333333;\">\u2022 <span style=\"font-family: Times New Roman, serif;\"><span style=\"font-size: medium;\">Quelles sont les structures d\u2019h\u00e9bergement ?<\/span><\/span><\/span><\/p>\n<p style=\"margin-bottom: 0cm;\" align=\"JUSTIFY\"><span style=\"color: #333333;\">\u2022 <span style=\"font-family: Times New Roman, serif;\"><span style=\"font-size: medium;\">Quel statut pour le travailleur handicap\u00e9 ?<\/span><\/span><\/span><\/p>\n<p style=\"margin-bottom: 0cm;\" align=\"JUSTIFY\"><span style=\"color: #333333;\">\u2022 <span style=\"font-family: Times New Roman, serif;\"><span style=\"font-size: medium;\">Quelles sont les mesures de protection juridique ?<\/span><\/span><\/span><\/p>\n<p style=\"margin-bottom: 0cm;\" align=\"JUSTIFY\"><span style=\"color: #333333;\">\u2022 <span style=\"font-family: Times New Roman, serif;\"><span style=\"font-size: medium;\">Comment b\u00e9n\u00e9ficier des aides fiscales ?<\/span><\/span><\/span><\/p>\n<p style=\"margin-bottom: 0cm;\" align=\"JUSTIFY\"><span style=\"color: #333333;\"><span style=\"font-family: Times New Roman, serif;\"><span style=\"font-size: medium;\">Un guide \u00e9crit et soutenu par la principale f\u00e9d\u00e9ration sur le handicap, l&rsquo;APAJH.<\/span><\/span><\/span><\/p>\n<p style=\"margin-bottom: 0cm;\" align=\"JUSTIFY\"><span style=\"color: #333333;\"><span style=\"font-family: Times New Roman, serif;\"><span style=\"font-size: medium;\">Un guide pratique parfaitement \u00e0 jour sur les droits sp\u00e9cifiques des personnes en situation de handicap pour venir \u00e0 bout des d\u00e9marches, des formalit\u00e9s et des probl\u00e9matiques li\u00e9es au handicap.<\/span><\/span><\/span><\/p>\n<p style=\"margin-bottom: 0cm;\" align=\"JUSTIFY\"><span style=\"color: #333333;\"><span style=\"font-family: Times New Roman, serif;\"><span style=\"font-size: medium;\">Tous les mod\u00e8les de lettres utiles pour faire valoir ses droits et toutes les adresses utiles par type de structure selon les handicaps. (Pr\u00e9sentation de l&rsquo;\u00e9diteur)<\/span><\/span><\/span><\/p>\n<p style=\"margin-bottom: 0cm;\" align=\"JUSTIFY\">\u00a0<\/p>\n<p style=\"margin-bottom: 0cm;\" align=\"JUSTIFY\"><span style=\"font-size: medium;\">APAJH<\/span><\/p>\n<p style=\"margin-bottom: 0cm;\" align=\"JUSTIFY\"><span style=\"font-family: Times New Roman, serif;\"><span style=\"font-size: medium;\">Prat Editions &#8211;<\/span><\/span><span style=\"font-size: medium;\"><span lang=\"en-US\">2019-376p.-24\u20ac<\/span><\/span><\/p>\n<p style=\"margin-bottom: 0cm;\" align=\"JUSTIFY\"><span style=\"font-family: Times New Roman, serif;\"><span style=\"font-size: medium;\"><span lang=\"en-US\">470gr<\/span><\/span><\/span><\/p>\n<p style=\"margin-bottom: 0cm;\" align=\"JUSTIFY\"><span style=\"font-family: Times New Roman, serif;\"><span style=\"font-size: medium;\"><span lang=\"en-US\">ISBN:<\/span><\/span><\/span> <span style=\"font-family: Times New Roman, serif;\"><span style=\"font-size: medium;\"><span lang=\"en-US\">978-2-8095-1439-1<\/span><\/span><\/span><\/p>\n<p style=\"margin-bottom: 0cm;\" align=\"JUSTIFY\"><span style=\"font-family: Times New Roman, serif;\"><span style=\"font-size: medium;\"><span lang=\"en-US\">Cote doc:<\/span><\/span><\/span> <span style=\"font-family: Times New Roman, serif;\"><span style=\"font-size: medium;\"><span lang=\"en-US\">6-10-APA-H<\/span><\/span><\/span><\/p>\n<p style=\"margin-bottom: 0cm;\" lang=\"en-US\" align=\"JUSTIFY\">\u00a0<\/p>\n<span class=\"et_bloom_bottom_trigger\"><\/span>","protected":false},"excerpt":{"rendered":"<p><span style=\"color: #333333;\"><span style=\"font-family: Times New Roman, serif;\"><span style=\"font-size: medium;\">Un guide vraiment pratique et parfaitement \u00e0 jour pour r\u00e9pondre \u00e0 toutes vos questions :<\/span><\/span><\/span><\/p>\n","protected":false},"featured_media":927,"comment_status":"open","ping_status":"closed","template":"","meta":{"_et_pb_use_builder":"","_et_pb_old_content":"","_et_gb_content_width":"","spay_email":""},"class_list":["post-928","product","type-product","status-publish","has-post-thumbnail","hentry","product_cat-livres","product_tag-aide-financiere","product_tag-emploi","product_tag-france","product_tag-hebergement","product_tag-outil","product_tag-participation","product_tag-personne-handicapee","product_tag-protection-juridique","product_tag-scolarite"],"jetpack_sharing_enabled":true,"jetpack_likes_enabled":true,"_links":{"self":[{"href":"https:\/\/www.parthages.be\/eboutique\/wp-json\/wp\/v2\/product\/928","targetHints":{"allow":["GET"]}}],"collection":[{"href":"https:\/\/www.parthages.be\/eboutique\/wp-json\/wp\/v2\/product"}],"about":[{"href":"https:\/\/www.parthages.be\/eboutique\/wp-json\/wp\/v2\/types\/product"}],"replies":[{"embeddable":true,"href":"https:\/\/www.parthages.be\/eboutique\/wp-json\/wp\/v2\/comments?post=928"}],"wp:featuredmedia":[{"embeddable":true,"href":"https:\/\/www.parthages.be\/eboutique\/wp-json\/wp\/v2\/media\/927"}],"wp:attachment":[{"href":"https:\/\/www.parthages.be\/eboutique\/wp-json\/wp\/v2\/media?parent=928"}],"curies":[{"name":"wp","href":"https:\/\/api.w.org\/{rel}","templated":true}]}}