{"id":94,"date":"2012-09-24T11:37:53","date_gmt":"2012-09-24T09:37:53","guid":{"rendered":"https:\/\/www.parthages.be\/wordpress\/produit\/quand-le-handicap-s-en-mele\/"},"modified":"2022-03-23T17:32:46","modified_gmt":"2022-03-23T16:32:46","slug":"quand-le-handicap-s-en-mele","status":"publish","type":"product","link":"https:\/\/www.parthages.be\/eboutique\/produit\/quand-le-handicap-s-en-mele\/","title":{"rendered":"Quand le handicap s&rsquo;en m\u00eale"},"content":{"rendered":"<p>Le t\u00e9moignage d&rsquo;une m\u00e8re qui se dit avant tout, face au handicap de sa fille, \u00ab\u00a0sans \u00e9tiquette\u00a0\u00bb ; une m\u00e8re comme les autres, qui craque, qui dit non, qui jongle dans son r\u00f4le de m\u00e8re et de femme, une m\u00e8re avec un chemin de vie qui, gr\u00e2ce \u00e0 sa fille, est parsem\u00e9 de rencontres extraordinaires. (Pr\u00e9sentation de l\u2019\u00e9diteur)<\/p>\n<p>VOLLIN L.<\/p>\n<p>Editions L&rsquo;Harmattan<\/p>\n<p>2011- 162p.<\/p>\n<p>220gr<\/p>\n<p>ISBN\u00a0: 978-2-296-12573-5<\/p>\n<p>Cote doc\u00a0: 4-10-VOL-Q<\/p>\n<span class=\"et_bloom_bottom_trigger\"><\/span>","protected":false},"excerpt":{"rendered":"<p>Le t\u00e9moignage d&rsquo;une m\u00e8re qui se dit avant tout, face au handicap de sa fille, \u00ab\u00a0sans \u00e9tiquette\u00a0\u00bb<\/p>\n","protected":false},"featured_media":93,"comment_status":"open","ping_status":"closed","template":"","meta":{"_et_pb_use_builder":"","_et_pb_old_content":"","_et_gb_content_width":"","spay_email":""},"class_list":["post-94","product","type-product","status-publish","has-post-thumbnail","hentry","product_cat-livres","product_tag-enfant-handicape","product_tag-recit-de-vie","product_tag-relation-mere-enfant","product_tag-role-de-la-femme","product_tag-role-de-la-mere","product_tag-temoignage"],"jetpack_sharing_enabled":true,"jetpack_likes_enabled":true,"_links":{"self":[{"href":"https:\/\/www.parthages.be\/eboutique\/wp-json\/wp\/v2\/product\/94","targetHints":{"allow":["GET"]}}],"collection":[{"href":"https:\/\/www.parthages.be\/eboutique\/wp-json\/wp\/v2\/product"}],"about":[{"href":"https:\/\/www.parthages.be\/eboutique\/wp-json\/wp\/v2\/types\/product"}],"replies":[{"embeddable":true,"href":"https:\/\/www.parthages.be\/eboutique\/wp-json\/wp\/v2\/comments?post=94"}],"wp:featuredmedia":[{"embeddable":true,"href":"https:\/\/www.parthages.be\/eboutique\/wp-json\/wp\/v2\/media\/93"}],"wp:attachment":[{"href":"https:\/\/www.parthages.be\/eboutique\/wp-json\/wp\/v2\/media?parent=94"}],"curies":[{"name":"wp","href":"https:\/\/api.w.org\/{rel}","templated":true}]}}