{"id":942,"date":"2020-01-16T12:20:11","date_gmt":"2020-01-16T11:20:11","guid":{"rendered":"https:\/\/www.parthages.be\/wordpress\/produit\/avance-bordel-samuel-marie\/"},"modified":"2020-01-16T12:20:11","modified_gmt":"2020-01-16T11:20:11","slug":"avance-bordel-samuel-marie","status":"publish","type":"product","link":"https:\/\/www.parthages.be\/eboutique\/produit\/avance-bordel-samuel-marie\/","title":{"rendered":"Avance bordel ! Samuel Marie"},"content":{"rendered":"<p style=\"margin-bottom: 0cm;\" align=\"JUSTIFY\"><span style=\"color: #333333;\"><span style=\"font-family: Times New Roman, serif;\"><span style=\"font-size: medium;\">Ce matin-l\u00e0, il m\u00e8ne une op\u00e9ration de d\u00e9broussaillage au pied de la citadelle de Besan\u00e7on. Samuel Marie est cordiste, il a tous justes 20 ans. Puis, c\u2019est la chute : 6 m\u00e8tres plus bas, face contre terre, son corps ne se rel\u00e8vera jamais. Le verdict est sans appel : deux vert\u00e8bres cervicales bris\u00e9es, il restera t\u00e9trapl\u00e9gique.<\/span><\/span><\/span><\/p>\n<p style=\"margin-bottom: 0cm;\" align=\"JUSTIFY\"><span style=\"color: #333333;\"><span style=\"font-family: Times New Roman, serif;\"><span style=\"font-size: medium;\">30 op\u00e9rations, 4 ans de r\u00e9\u00e9ducation\u2026 le temps qu\u2019il lui faudra pour pr\u00e9parer son \u00e9vasion. Elle sera lointaine. Pour se r\u00e9approprier son corps et d\u00e9fier les pr\u00e9jug\u00e9s, cet ancien comp\u00e9titeur sans limite se lance dans la plus grosse course de sa vie gr\u00e2ce \u00e0 une force d\u2019esprit in\u00e9branlable.<\/span><\/span><\/span><\/p>\n<p style=\"margin-bottom: 0cm;\" align=\"JUSTIFY\"><span style=\"color: #333333;\"><span style=\"font-family: Times New Roman, serif;\"><span style=\"font-size: medium;\">Dans ce livre-t\u00e9moignage \u00e9crit comme un roman d\u2019aventures, Samuel raconte son incroyable \u00e9pop\u00e9e, jusqu\u2019\u00e0 ce projet fou : la travers\u00e9e de 3 continents, sur 75 000 kilom\u00e8tres et 22 pays au volant de son fourgon.<\/span><\/span><\/span><\/p>\n<p style=\"margin-bottom: 0cm;\" align=\"JUSTIFY\"><span style=\"color: #333333;\"><span style=\"font-family: Times New Roman, serif;\"><span style=\"font-size: medium;\">(Pr\u00e9sentation de l&rsquo;\u00e9diteur)<\/span><\/span><\/span><\/p>\n<p style=\"margin-bottom: 0cm;\" align=\"JUSTIFY\">\u00a0<\/p>\n<p style=\"margin-bottom: 0cm;\" align=\"JUSTIFY\"><span style=\"color: #333333;\"><span style=\"font-family: Times New Roman, serif;\"><span style=\"font-size: medium;\">MARIE S.<\/span><\/span><\/span><\/p>\n<p style=\"margin-bottom: 0cm;\" align=\"JUSTIFY\"><span style=\"color: #333333;\"><span style=\"font-family: Times New Roman, serif;\"><span style=\"font-size: medium;\">Dunod<\/span><\/span><\/span><\/p>\n<p style=\"margin-bottom: 0cm;\" align=\"JUSTIFY\"><span style=\"color: #333333;\"><span style=\"font-family: Times New Roman, serif;\"><span style=\"font-size: medium;\">2019-288p-18,90\u20ac<\/span><\/span><\/span><\/p>\n<p style=\"margin-bottom: 0cm;\" align=\"JUSTIFY\"><span style=\"color: #333333;\"><span style=\"font-family: Times New Roman, serif;\"><span style=\"font-size: medium;\">410gr<\/span><\/span><\/span><\/p>\n<p style=\"margin-bottom: 0cm;\" align=\"JUSTIFY\"><span style=\"color: #333333;\"><span style=\"font-family: Times New Roman, serif;\"><span style=\"font-size: medium;\">ISBN\u00a0:<\/span><\/span><\/span> <span style=\"color: #333333;\"><span style=\"font-family: Times New Roman, serif;\"><span style=\"font-size: medium;\">978-2-10-079153-8<\/span><\/span><\/span><\/p>\n<p style=\"margin-bottom: 0cm;\" align=\"JUSTIFY\"><span style=\"color: #333333;\"><span style=\"font-family: Times New Roman, serif;\"><span style=\"font-size: medium;\">Cote doc\u00a0: 2-20-mar-a<\/span><\/span><\/span><\/p>\n<span class=\"et_bloom_bottom_trigger\"><\/span>","protected":false},"excerpt":{"rendered":"<p><span style=\"color: #333333;\"><span style=\"font-family: Times New Roman, serif;\"><span style=\"font-size: medium;\">Ce matin-l\u00e0, il m\u00e8ne une op\u00e9ration de d\u00e9broussaillage au pied de la citadelle de Besan\u00e7on. Samuel Marie est cordiste, il a tous justes 20 ans. Puis, c\u2019est la chute : 6 m\u00e8tres plus bas, face contre terre, son corps ne se rel\u00e8vera jamais. Le verdict est sans appel : deux vert\u00e8bres cervicales bris\u00e9es, il restera t\u00e9trapl\u00e9gique.<\/span><\/span><\/span><\/p>\n","protected":false},"featured_media":941,"comment_status":"open","ping_status":"closed","template":"","meta":{"_et_pb_use_builder":"","_et_pb_old_content":"","_et_gb_content_width":"","spay_email":""},"class_list":["post-942","product","type-product","status-publish","has-post-thumbnail","hentry","product_cat-livres","product_tag-accident-de-travail","product_tag-defi","product_tag-personne-handicapee","product_tag-recit-de-vie","product_tag-tetraplegie","product_tag-voyage"],"jetpack_sharing_enabled":true,"jetpack_likes_enabled":true,"_links":{"self":[{"href":"https:\/\/www.parthages.be\/eboutique\/wp-json\/wp\/v2\/product\/942","targetHints":{"allow":["GET"]}}],"collection":[{"href":"https:\/\/www.parthages.be\/eboutique\/wp-json\/wp\/v2\/product"}],"about":[{"href":"https:\/\/www.parthages.be\/eboutique\/wp-json\/wp\/v2\/types\/product"}],"replies":[{"embeddable":true,"href":"https:\/\/www.parthages.be\/eboutique\/wp-json\/wp\/v2\/comments?post=942"}],"wp:featuredmedia":[{"embeddable":true,"href":"https:\/\/www.parthages.be\/eboutique\/wp-json\/wp\/v2\/media\/941"}],"wp:attachment":[{"href":"https:\/\/www.parthages.be\/eboutique\/wp-json\/wp\/v2\/media?parent=942"}],"curies":[{"name":"wp","href":"https:\/\/api.w.org\/{rel}","templated":true}]}}