{"id":952,"date":"2020-09-24T07:46:04","date_gmt":"2020-09-24T05:46:04","guid":{"rendered":"https:\/\/www.parthages.be\/wordpress\/produit\/epsilon-un-enfant-extra-ordinaire-qu-est-ce-que-l-autisme\/"},"modified":"2022-02-18T10:34:58","modified_gmt":"2022-02-18T09:34:58","slug":"epsilon-un-enfant-extra-ordinaire-qu-est-ce-que-l-autisme","status":"publish","type":"product","link":"https:\/\/www.parthages.be\/eboutique\/produit\/epsilon-un-enfant-extra-ordinaire-qu-est-ce-que-l-autisme\/","title":{"rendered":"Epsilon un enfant extra-ordinaire &#8211; Qu&rsquo;est-ce que l&rsquo;autisme?"},"content":{"rendered":"<p>L&rsquo;int\u00e9gration des personnes atteintes d&rsquo;autisme dans notre soci\u00e9t\u00e9 est possible. Cependant malgr\u00e9 la notori\u00e9t\u00e9 de l&rsquo;autisme, peu de personnes savent r\u00e9ellement ce qui se cache derri\u00e8re ce handicap et le mot fait souvent peur. Cette crainte est un frein majeur qui emp\u00eache encore trop souvent les enfants ou les adultes avec autisme de partager nos vies. Livre illustr\u00e9 pour expliquer aux enfants et \u00e0 leurs parents un handicap encore mal connu. (Pr\u00e9sentation de l&rsquo;\u00e9diteur)<\/p>\n<p>LAURENT L. &amp; CELLIER V.<\/p>\n<p>Editions AFD<\/p>\n<p>2012 -34p. -118g -14\u20ac<\/p>\n<p>ISBN: 978-2-9171-5014-6<\/p>\n<p>Cote doc\u00a0: 11-LAU-E<\/p>\n<span class=\"et_bloom_bottom_trigger\"><\/span>","protected":false},"excerpt":{"rendered":"<p>L&rsquo;int\u00e9gration des personnes atteintes d&rsquo;autisme dans notre soci\u00e9t\u00e9 est possible.<\/p>\n","protected":false},"featured_media":1053,"comment_status":"open","ping_status":"closed","template":"","meta":{"_et_pb_use_builder":"","_et_pb_old_content":"","_et_gb_content_width":"","spay_email":""},"class_list":["post-952","product","type-product","status-publish","has-post-thumbnail","hentry","product_cat-livres","product_cat-livres-jeunesse","product_tag-autisme","product_tag-ecole","product_tag-enfant","product_tag-integration","product_tag-methode-pedagogique","product_tag-parent","product_tag-personne-handicapee","product_tag-sensibilisation","product_tag-strategie-deducation-pour-la-sa"],"jetpack_sharing_enabled":true,"jetpack_likes_enabled":true,"_links":{"self":[{"href":"https:\/\/www.parthages.be\/eboutique\/wp-json\/wp\/v2\/product\/952","targetHints":{"allow":["GET"]}}],"collection":[{"href":"https:\/\/www.parthages.be\/eboutique\/wp-json\/wp\/v2\/product"}],"about":[{"href":"https:\/\/www.parthages.be\/eboutique\/wp-json\/wp\/v2\/types\/product"}],"replies":[{"embeddable":true,"href":"https:\/\/www.parthages.be\/eboutique\/wp-json\/wp\/v2\/comments?post=952"}],"wp:featuredmedia":[{"embeddable":true,"href":"https:\/\/www.parthages.be\/eboutique\/wp-json\/wp\/v2\/media\/1053"}],"wp:attachment":[{"href":"https:\/\/www.parthages.be\/eboutique\/wp-json\/wp\/v2\/media?parent=952"}],"curies":[{"name":"wp","href":"https:\/\/api.w.org\/{rel}","templated":true}]}}