{"id":953,"date":"2020-09-24T08:12:32","date_gmt":"2020-09-24T06:12:32","guid":{"rendered":"https:\/\/www.parthages.be\/wordpress\/produit\/dessine-moi-un-ours-blanc\/"},"modified":"2022-03-23T17:37:11","modified_gmt":"2022-03-23T16:37:11","slug":"dessine-moi-un-ours-blanc","status":"publish","type":"product","link":"https:\/\/www.parthages.be\/eboutique\/produit\/dessine-moi-un-ours-blanc\/","title":{"rendered":"Dessine-moi un ours blanc"},"content":{"rendered":"<p>Sur sa toute petite plan\u00e8te, une toute petite princesse se sent bien seule. Elle n&rsquo;a qu&rsquo;un r\u00eave : avoir un animal de compagnie. Elle demande donc \u00e0 sa cr\u00e9atrice de lui dessiner un ours blanc. La femme s&rsquo;ex\u00e9cute, mais ne peut s&#8217;emp\u00eacher de faire un ours\u2026 gris ! La banquise qui fond salit la belle fourrure de l&rsquo;animal. La princesse d\u00e9cide d&rsquo;y rem\u00e9dier.<\/p>\n<p>(Pr\u00e9sentation de l&rsquo;\u00e9diteur)<\/p>\n<p>\u00ab\u00a0gros\u00a0caract\u00e8res\u00a0\u00bb pour les lecteurs malvoyants ou ayant des difficult\u00e9s de lecture.<\/p>\n<p>CAUCHY V. -GROSOS V.<\/p>\n<p>Editions Circonflexe \u2013\u00e9dition en gros caract\u00e8res<\/p>\n<p>2019-32p-16\u20ac<\/p>\n<p>270gr<\/p>\n<p>ISBN\u00a0: 9782378622534<\/p>\n<p>Cote doc\u00a0: 11-CAU-D<\/p>\n<span class=\"et_bloom_bottom_trigger\"><\/span>","protected":false},"excerpt":{"rendered":"<p>Sur sa toute petite plan\u00e8te, une toute petite princesse se sent bien seule.<\/p>\n","protected":false},"featured_media":1058,"comment_status":"open","ping_status":"closed","template":"","meta":{"_et_pb_use_builder":"","_et_pb_old_content":"","_et_gb_content_width":"","spay_email":""},"class_list":["post-953","product","type-product","status-publish","has-post-thumbnail","hentry","product_cat-livres","product_cat-livres-jeunesse","product_tag-animal","product_tag-cecite","product_tag-climat","product_tag-ecologie","product_tag-environnement","product_tag-personne-handicapee","product_tag-sensibilisation"],"jetpack_sharing_enabled":true,"jetpack_likes_enabled":true,"_links":{"self":[{"href":"https:\/\/www.parthages.be\/eboutique\/wp-json\/wp\/v2\/product\/953","targetHints":{"allow":["GET"]}}],"collection":[{"href":"https:\/\/www.parthages.be\/eboutique\/wp-json\/wp\/v2\/product"}],"about":[{"href":"https:\/\/www.parthages.be\/eboutique\/wp-json\/wp\/v2\/types\/product"}],"replies":[{"embeddable":true,"href":"https:\/\/www.parthages.be\/eboutique\/wp-json\/wp\/v2\/comments?post=953"}],"wp:featuredmedia":[{"embeddable":true,"href":"https:\/\/www.parthages.be\/eboutique\/wp-json\/wp\/v2\/media\/1058"}],"wp:attachment":[{"href":"https:\/\/www.parthages.be\/eboutique\/wp-json\/wp\/v2\/media?parent=953"}],"curies":[{"name":"wp","href":"https:\/\/api.w.org\/{rel}","templated":true}]}}