{"id":956,"date":"2020-09-24T08:16:45","date_gmt":"2020-09-24T06:16:45","guid":{"rendered":"https:\/\/www.parthages.be\/wordpress\/produit\/sexualite-et-syndrome-d-asperger-3eme-edition\/"},"modified":"2021-02-15T20:38:30","modified_gmt":"2021-02-15T19:38:30","slug":"sexualite-et-syndrome-d-asperger-3eme-edition","status":"publish","type":"product","link":"https:\/\/www.parthages.be\/eboutique\/produit\/sexualite-et-syndrome-d-asperger-3eme-edition\/","title":{"rendered":"Sexualit\u00e9 et syndrome d&rsquo;Asperger  3\u00e8me \u00e9dition"},"content":{"rendered":"<p>La sexualit\u00e9 des personnes autistes est un sujet tr\u00e8s peu abord\u00e9 dans la litt\u00e9rature scientifique actuelle. Le pr\u00e9sent ouvrage traite de cet aspect m\u00e9connu du syndrome d&rsquo;Asperger. L&rsquo;auteur montre que si les personnes autistes manifestent sensiblement le m\u00eame int\u00e9r\u00eat et les m\u00eames besoins sexuels que les individus de la population g\u00e9n\u00e9rale, leurs comportements diff\u00e8rent. Leur manque d&rsquo;habilet\u00e9s sociales et les difficult\u00e9s de communication qu&rsquo;ils \u00e9prouvent s&rsquo;ajoutent aux obstacles rencontr\u00e9s dans l&rsquo;\u00e9tablissement des relations interpersonnelles et sexuelles. L&rsquo;auteur cerne \u00e9galement les enjeux li\u00e9s aux besoins et identifie ainsi le type d&rsquo;interventions n\u00e9cessaires \u00e0 l&rsquo;\u00e9ducation sexuelle.<\/p>\n<p>Comportant de nombreux t\u00e9moignages et exemples cliniques, cet ouvrage pr\u00e9sente \u00e9galement un programme d&rsquo;\u00e9ducation socio-sexuelle et des activit\u00e9s d&rsquo;intervention adapt\u00e9es aux individus et aux couples de tous \u00e2ges.<\/p>\n<p>Cet ouvrage est destin\u00e9 aux psychologues, sexologues et th\u00e9rapeutes, de m\u00eame qu&rsquo;\u00e0 toute personne directement ou indirectement concern\u00e9e par cet aspect du syndrome d&rsquo;Asperger. (Pr\u00e9sentation de l&rsquo;\u00e9diteur)<\/p>\n<p>HENAULT I.<\/p>\n<p>Editions De Boeck sup\u00e9rieur<\/p>\n<p>2018-224p-15\u20ac<\/p>\n<p>365gr<\/p>\n<p>ISBN\u00a0: 978-2-8073-1344-6<\/p>\n<p>Cote doc\u00a0: 4-20-HEN-S3<\/p>\n<span class=\"et_bloom_bottom_trigger\"><\/span>","protected":false},"excerpt":{"rendered":"<p>La sexualit\u00e9 des personnes autistes est un sujet tr\u00e8s peu abord\u00e9 dans la litt\u00e9rature scientifique actuelle.<\/p>\n","protected":false},"featured_media":1060,"comment_status":"open","ping_status":"closed","template":"","meta":{"_et_pb_use_builder":"","_et_pb_old_content":"","_et_gb_content_width":"","spay_email":""},"class_list":["post-956","product","type-product","status-publish","has-post-thumbnail","hentry","product_cat-livres","product_tag-adolescent","product_tag-adulte","product_tag-autisme","product_tag-developpement-sexuel","product_tag-education-affective-et-sexuelle","product_tag-intervention","product_tag-ou-til-pedagogique","product_tag-prise-en-charge","product_tag-sexualite","product_tag-strategie","product_tag-vie-affective"],"jetpack_sharing_enabled":true,"jetpack_likes_enabled":true,"_links":{"self":[{"href":"https:\/\/www.parthages.be\/eboutique\/wp-json\/wp\/v2\/product\/956","targetHints":{"allow":["GET"]}}],"collection":[{"href":"https:\/\/www.parthages.be\/eboutique\/wp-json\/wp\/v2\/product"}],"about":[{"href":"https:\/\/www.parthages.be\/eboutique\/wp-json\/wp\/v2\/types\/product"}],"replies":[{"embeddable":true,"href":"https:\/\/www.parthages.be\/eboutique\/wp-json\/wp\/v2\/comments?post=956"}],"wp:featuredmedia":[{"embeddable":true,"href":"https:\/\/www.parthages.be\/eboutique\/wp-json\/wp\/v2\/media\/1060"}],"wp:attachment":[{"href":"https:\/\/www.parthages.be\/eboutique\/wp-json\/wp\/v2\/media?parent=956"}],"curies":[{"name":"wp","href":"https:\/\/api.w.org\/{rel}","templated":true}]}}