{"id":957,"date":"2020-09-24T08:19:27","date_gmt":"2020-09-24T06:19:27","guid":{"rendered":"https:\/\/www.parthages.be\/wordpress\/produit\/artphonie\/"},"modified":"2022-10-29T11:24:43","modified_gmt":"2022-10-29T09:24:43","slug":"artphonie","status":"publish","type":"product","link":"https:\/\/www.parthages.be\/eboutique\/produit\/artphonie\/","title":{"rendered":"L\u2019Art-phonie"},"content":{"rendered":"<p>L&rsquo;orthophonie enrichie des apports de l&rsquo;art-th\u00e9rapie<\/p>\n<p>\u00ab L&rsquo;art-phonie \u00bb, une orthophonie qui laisse de c\u00f4t\u00e9 le sympt\u00f4me pour se centrer sur l&rsquo;\u00eatre. Une orthophonie qui sort de la toute-puissance pour laisser le patient trouver le chemin de sa gu\u00e9rison.<\/p>\n<p>Une orthophonie qui, avant de proposer une m\u00e9thode de r\u00e9\u00e9ducation, se d\u00e9finit comme une posture th\u00e9rapeutique \u00e0 vis\u00e9e humaniste.<\/p>\n<p>Une orthophonie qui s&rsquo;enrichit des apports de l&rsquo;art-th\u00e9rapie, en vue d&rsquo;offrir au patient, comme au professionnel, un espace de rencontre bas\u00e9 sur le respect et le plaisir.<\/p>\n<p>La lecture de ce livre apporte au professionnel une redynamisation de sa posture, lui permettant d&rsquo;accro\u00eetre son propre investissement et celui de son patient.<\/p>\n<p>En partageant avec enthousiasme et simplicit\u00e9 son \u00ab art-phonie\u00ae \u00bb, l&rsquo;auteure a pour ambition, au-del\u00e0 du partage de son exp\u00e9rience, d&rsquo;ouvrir une voie \u00e0 ses cons\u0153urs et confr\u00e8res pour qu&rsquo;ils s&rsquo;autorisent \u00e0 devenir \u00ab l&rsquo;orthophoniste qui leur ressemble \u00bb.<\/p>\n<p>(Pr\u00e9sentation de l&rsquo;\u00e9diteur)<\/p>\n<p>SUIRE C<\/p>\n<p>Chronique sociale<\/p>\n<p>2019-252p-16.90\u20ac<\/p>\n<p>350gr<\/p>\n<p>ISBN\u00a0\u00a0\u00a0\u00a0\u00a0 : \u00a0\u00a0\u00a0\u00a0\u00a0\u00a0\u00a0\u00a0\u00a0\u00a0\u00a0\u00a0 978-2-36717-619-2<br \/>\nCote doc\u00a0:\u00a010-10-SUI-A<\/p>\n<span class=\"et_bloom_bottom_trigger\"><\/span>","protected":false},"excerpt":{"rendered":"<p>L&rsquo;orthophonie enrichie des apports de l&rsquo;art-th\u00e9rapie<\/p>\n","protected":false},"featured_media":1055,"comment_status":"open","ping_status":"closed","template":"","meta":{"_et_pb_use_builder":"","_et_pb_old_content":"","_et_gb_content_width":"","spay_email":""},"class_list":["post-957","product","type-product","status-publish","has-post-thumbnail","hentry","product_cat-livres"],"jetpack_sharing_enabled":true,"jetpack_likes_enabled":true,"_links":{"self":[{"href":"https:\/\/www.parthages.be\/eboutique\/wp-json\/wp\/v2\/product\/957","targetHints":{"allow":["GET"]}}],"collection":[{"href":"https:\/\/www.parthages.be\/eboutique\/wp-json\/wp\/v2\/product"}],"about":[{"href":"https:\/\/www.parthages.be\/eboutique\/wp-json\/wp\/v2\/types\/product"}],"replies":[{"embeddable":true,"href":"https:\/\/www.parthages.be\/eboutique\/wp-json\/wp\/v2\/comments?post=957"}],"wp:featuredmedia":[{"embeddable":true,"href":"https:\/\/www.parthages.be\/eboutique\/wp-json\/wp\/v2\/media\/1055"}],"wp:attachment":[{"href":"https:\/\/www.parthages.be\/eboutique\/wp-json\/wp\/v2\/media?parent=957"}],"curies":[{"name":"wp","href":"https:\/\/api.w.org\/{rel}","templated":true}]}}