{"id":958,"date":"2020-09-24T08:20:42","date_gmt":"2020-09-24T06:20:42","guid":{"rendered":"https:\/\/www.parthages.be\/wordpress\/produit\/familles-et-trouble-du-spectre-de-l-autisme\/"},"modified":"2022-03-23T17:19:14","modified_gmt":"2022-03-23T16:19:14","slug":"familles-et-trouble-du-spectre-de-l-autisme","status":"publish","type":"product","link":"https:\/\/www.parthages.be\/eboutique\/produit\/familles-et-trouble-du-spectre-de-l-autisme\/","title":{"rendered":"Familles et trouble du spectre de l&rsquo;autisme"},"content":{"rendered":"<p>Le Trouble du Spectre de l\u2019Autisme (TSA) repr\u00e9sente la deuxi\u00e8me pathologie neuro-d\u00e9veloppementale la plus fr\u00e9quente chez l\u2019enfant. Ce handicap, pr\u00e9sent tout au long de la vie, a des cons\u00e9quences majeures sur le fonctionnement de la personne, mais aussi sur l\u2019entourage familial et notamment les parents. Alors qu\u2019il est fr\u00e9quent d\u2019entendre parler du \u00ab\u00a0 retard fran\u00e7ais\u00a0 \u00bb dans le champ de l\u2019autisme, cet ouvrage recense de fa\u00e7on in\u00e9dite des travaux de recherche nationaux sur les probl\u00e9matiques rencontr\u00e9es par les familles afin de mieux les comprendre et les accompagner.<\/p>\n<p>Il met en lumi\u00e8re les \u00e9volutions sociales de la place des familles de personnes avec un TSA (parents, couple, fratrie, grands-parents), leurs besoins et adaptation au quotidien, le partenariat parents-professionnels et enfin les dispositifs de soutien et d\u2019accompagnement. Il donne \u00e9galement la parole \u00e0 des professionnels et chercheurs, \u0153uvrant sur l\u2019ensemble du territoire fran\u00e7ais, mais aussi \u00e0 des familles et associations. (Pr\u00e9sentation de l&rsquo;auteur)<\/p>\n<p>DERGUY C.- CAPPE E.<\/p>\n<p>Dunod<\/p>\n<p>2019-396p-34\u20ac<\/p>\n<p>745gr<\/p>\n<p>ISBN\u00a0: 978-2-10-078581-0<\/p>\n<p>Cote doc\u00a0: 1-70-DER-F<\/p>\n<span class=\"et_bloom_bottom_trigger\"><\/span>","protected":false},"excerpt":{"rendered":"<p>Le Trouble du Spectre de l\u2019Autisme (TSA) repr\u00e9sente la deuxi\u00e8me pathologie neuro-d\u00e9veloppementale la plus fr\u00e9quente chez l\u2019enfant.<\/p>\n","protected":false},"featured_media":1054,"comment_status":"open","ping_status":"closed","template":"","meta":{"_et_pb_use_builder":"","_et_pb_old_content":"","_et_gb_content_width":"","spay_email":""},"class_list":["post-958","product","type-product","status-publish","has-post-thumbnail","hentry","product_cat-livres","product_tag-accompagnement","product_tag-autisme","product_tag-enfant","product_tag-famille","product_tag-fratrie","product_tag-outil","product_tag-re-lation-patient-famille","product_tag-relation-adulte-enfant","product_tag-relation-familiale","product_tag-trouble-du-developpement"],"jetpack_sharing_enabled":true,"jetpack_likes_enabled":true,"_links":{"self":[{"href":"https:\/\/www.parthages.be\/eboutique\/wp-json\/wp\/v2\/product\/958","targetHints":{"allow":["GET"]}}],"collection":[{"href":"https:\/\/www.parthages.be\/eboutique\/wp-json\/wp\/v2\/product"}],"about":[{"href":"https:\/\/www.parthages.be\/eboutique\/wp-json\/wp\/v2\/types\/product"}],"replies":[{"embeddable":true,"href":"https:\/\/www.parthages.be\/eboutique\/wp-json\/wp\/v2\/comments?post=958"}],"wp:featuredmedia":[{"embeddable":true,"href":"https:\/\/www.parthages.be\/eboutique\/wp-json\/wp\/v2\/media\/1054"}],"wp:attachment":[{"href":"https:\/\/www.parthages.be\/eboutique\/wp-json\/wp\/v2\/media?parent=958"}],"curies":[{"name":"wp","href":"https:\/\/api.w.org\/{rel}","templated":true}]}}