{"id":959,"date":"2020-09-24T08:22:02","date_gmt":"2020-09-24T06:22:02","guid":{"rendered":"https:\/\/www.parthages.be\/wordpress\/produit\/moyenage\/"},"modified":"2022-02-18T10:34:57","modified_gmt":"2022-02-18T09:34:57","slug":"moyenage","status":"publish","type":"product","link":"https:\/\/www.parthages.be\/eboutique\/produit\/moyenage\/","title":{"rendered":"MOYEN \u00c2GE"},"content":{"rendered":"<p>Le Moyen \u00c2ge\u2026 c\u2019est le temps des seigneurs et des ch\u00e2teaux forts, des chevaliers et des tournois, des serfs et des paysans, des habiles artisans.<\/p>\n<p>Dans ce livre adapt\u00e9, une historienne et une sp\u00e9cialiste des troubles DYS r\u00e9pondent \u00e0 la curiosit\u00e9 de tous les enfants sur ces mille ans d\u2019histoire.<\/p>\n<p>Adapt\u00e9 pour les enfants DYS ou en difficult\u00e9 d&rsquo;apprentissage<\/p>\n<p>(Pr\u00e9sentation de l&rsquo;\u00e9diteur)<\/p>\n<p>COPPIN B.- BRANCIARD L.<\/p>\n<p>Fleurus- DOCU DYS<\/p>\n<p>2019-47p-12.90\u20ac<\/p>\n<p>440gr<\/p>\n<p>ISBN\u00a0: 978-2-215-137825<\/p>\n<p>Cote doc\u00a0: 11-COP-M<\/p>\n<span class=\"et_bloom_bottom_trigger\"><\/span>","protected":false},"excerpt":{"rendered":"<p>Le Moyen \u00c2ge\u2026 c\u2019est le temps des seigneurs et des ch\u00e2teaux forts, des chevaliers et des tournois, des serfs et des paysans, des habiles artisans.<\/p>\n","protected":false},"featured_media":1056,"comment_status":"open","ping_status":"closed","template":"","meta":{"_et_pb_use_builder":"","_et_pb_old_content":"","_et_gb_content_width":"","spay_email":""},"class_list":["post-959","product","type-product","status-publish","has-post-thumbnail","hentry","product_cat-livres","product_cat-livres-jeunesse","product_tag-dyslexie","product_tag-enfant","product_tag-jeunesse","product_tag-trouble-de-lapprentissage"],"jetpack_sharing_enabled":true,"jetpack_likes_enabled":true,"_links":{"self":[{"href":"https:\/\/www.parthages.be\/eboutique\/wp-json\/wp\/v2\/product\/959","targetHints":{"allow":["GET"]}}],"collection":[{"href":"https:\/\/www.parthages.be\/eboutique\/wp-json\/wp\/v2\/product"}],"about":[{"href":"https:\/\/www.parthages.be\/eboutique\/wp-json\/wp\/v2\/types\/product"}],"replies":[{"embeddable":true,"href":"https:\/\/www.parthages.be\/eboutique\/wp-json\/wp\/v2\/comments?post=959"}],"wp:featuredmedia":[{"embeddable":true,"href":"https:\/\/www.parthages.be\/eboutique\/wp-json\/wp\/v2\/media\/1056"}],"wp:attachment":[{"href":"https:\/\/www.parthages.be\/eboutique\/wp-json\/wp\/v2\/media?parent=959"}],"curies":[{"name":"wp","href":"https:\/\/api.w.org\/{rel}","templated":true}]}}