{"id":960,"date":"2020-09-24T08:25:00","date_gmt":"2020-09-24T06:25:00","guid":{"rendered":"https:\/\/www.parthages.be\/wordpress\/produit\/mes-comptines-en-langue-des-signes-francaise\/"},"modified":"2022-03-23T17:31:42","modified_gmt":"2022-03-23T16:31:42","slug":"mes-comptines-en-langue-des-signes-francaise","status":"publish","type":"product","link":"https:\/\/www.parthages.be\/eboutique\/produit\/mes-comptines-en-langue-des-signes-francaise\/","title":{"rendered":"Mes comptines en langue des signes fran\u00e7aise"},"content":{"rendered":"<p>Destin\u00e9 aux enfants et aux parents, cet ouvrage a pour but de faire d\u00e9couvrir la Langue des Signes Fran\u00e7aise (LSF) \u00e0 travers des comptines traditionnelles. Immerger les tout-petits dans cette langue, c&rsquo;est leur ouvrir les portes d&rsquo;une langue visuelle : l\u00e0 o\u00f9 montrer du doigt n&rsquo;est pas impoli, mais est un premier pas vers la communication, l\u00e0 o\u00f9 une mimique devient une information. (Pr\u00e9sentation de l&rsquo;\u00e9diteur)<\/p>\n<p>MARCHAL O.- TESSIER T.<\/p>\n<p>Millepages<\/p>\n<p>2015-48p-15\u20ac<\/p>\n<p>290gr<\/p>\n<p>ISBN\u00a0:<br \/>\n978-2-8421837-45<\/p>\n<p>Cote doc\u00a0: 11-MAR-C<\/p>\n<span class=\"et_bloom_bottom_trigger\"><\/span>","protected":false},"excerpt":{"rendered":"<p>Destin\u00e9 aux enfants et aux parents, cet ouvrage a pour but de faire d\u00e9couvrir la Langue des Signes Fran\u00e7aise (LSF) \u00e0 travers des comptines traditionnelles.<\/p>\n","protected":false},"featured_media":1052,"comment_status":"open","ping_status":"closed","template":"","meta":{"_et_pb_use_builder":"on","_et_pb_old_content":"Destin\u00e9 aux enfants et aux parents, cet ouvrage a pour but de faire d\u00e9couvrir la Langue des Signes Fran\u00e7aise (LSF) \u00e0 travers des comptines traditionnelles. Immerger les tout-petits dans cette langue, c'est leur ouvrir les portes d'une langue visuelle : l\u00e0 o\u00f9 montrer du doigt n'est pas impoli, mais est un premier pas vers la communication, l\u00e0 o\u00f9 une mimique devient une information. (Pr\u00e9sentation de l'\u00e9diteur)\r\n\r\nMARCHAL O.- TESSIER T.\r\n\r\nMillepages\r\n\r\n2015-48p-15\u20ac\r\n\r\n290gr\r\n\r\nISBN\u00a0:\r\n978-2-8421837-45\r\n\r\nCote doc\u00a0: 11-MAR-C","_et_gb_content_width":"","spay_email":""},"class_list":["post-960","product","type-product","status-publish","has-post-thumbnail","hentry","product_cat-livres","product_cat-livres-jeunesse","product_tag-enfant","product_tag-jeunesse","product_tag-langue-des-signes"],"jetpack_sharing_enabled":true,"jetpack_likes_enabled":true,"_links":{"self":[{"href":"https:\/\/www.parthages.be\/eboutique\/wp-json\/wp\/v2\/product\/960","targetHints":{"allow":["GET"]}}],"collection":[{"href":"https:\/\/www.parthages.be\/eboutique\/wp-json\/wp\/v2\/product"}],"about":[{"href":"https:\/\/www.parthages.be\/eboutique\/wp-json\/wp\/v2\/types\/product"}],"replies":[{"embeddable":true,"href":"https:\/\/www.parthages.be\/eboutique\/wp-json\/wp\/v2\/comments?post=960"}],"wp:featuredmedia":[{"embeddable":true,"href":"https:\/\/www.parthages.be\/eboutique\/wp-json\/wp\/v2\/media\/1052"}],"wp:attachment":[{"href":"https:\/\/www.parthages.be\/eboutique\/wp-json\/wp\/v2\/media?parent=960"}],"curies":[{"name":"wp","href":"https:\/\/api.w.org\/{rel}","templated":true}]}}