{"id":961,"date":"2020-09-24T08:26:15","date_gmt":"2020-09-24T06:26:15","guid":{"rendered":"https:\/\/www.parthages.be\/wordpress\/produit\/ma-journee-en-langue-des-signes-francaise\/"},"modified":"2022-03-23T17:56:13","modified_gmt":"2022-03-23T16:56:13","slug":"ma-journee-en-langue-des-signes-francaise","status":"publish","type":"product","link":"https:\/\/www.parthages.be\/eboutique\/produit\/ma-journee-en-langue-des-signes-francaise\/","title":{"rendered":"Ma journ\u00e9e en langue des signes fran\u00e7aise"},"content":{"rendered":"<p>[et_pb_section fb_built=\u00a0\u00bb1&Prime; _builder_version=\u00a0\u00bb4.7.4&Prime; custom_padding=\u00a0\u00bb0px||||false|false\u00a0\u00bb][et_pb_row _builder_version=\u00a0\u00bb4.7.4&Prime; background_size=\u00a0\u00bbinitial\u00a0\u00bb background_position=\u00a0\u00bbtop_left\u00a0\u00bb background_repeat=\u00a0\u00bbrepeat\u00a0\u00bb width=\u00a0\u00bb100%\u00a0\u00bb custom_padding=\u00a0\u00bb0px||0px||false|false\u00a0\u00bb][et_pb_column type=\u00a0\u00bb4_4&Prime; _builder_version=\u00a0\u00bb3.25&Prime; custom_padding=\u00a0\u00bb|||\u00a0\u00bb custom_padding__hover=\u00a0\u00bb|||\u00a0\u00bb][et_pb_wc_breadcrumb _builder_version=\u00a0\u00bb3.0.47&Prime;][\/et_pb_wc_breadcrumb][et_pb_wc_cart_notice _builder_version=\u00a0\u00bb4.7.4&Prime; body_text_color=\u00a0\u00bb#ffffff\u00a0\u00bb background_color=\u00a0\u00bb#20c1b4&Prime; custom_button=\u00a0\u00bbon\u00a0\u00bb button_text_color=\u00a0\u00bb#20c1b4&Prime; button_border_radius=\u00a0\u00bb26px\u00a0\u00bb hover_enabled=\u00a0\u00bb0&Prime; sticky_enabled=\u00a0\u00bb0&Prime;][\/et_pb_wc_cart_notice][\/et_pb_column][\/et_pb_row][et_pb_row column_structure=\u00a0\u00bb1_2,1_2&Prime; _builder_version=\u00a0\u00bb3.25&Prime; background_size=\u00a0\u00bbinitial\u00a0\u00bb background_position=\u00a0\u00bbtop_left\u00a0\u00bb background_repeat=\u00a0\u00bbrepeat\u00a0\u00bb width=\u00a0\u00bb100%\u00a0\u00bb custom_padding=\u00a0\u00bb0px||||false|false\u00a0\u00bb][et_pb_column type=\u00a0\u00bb1_2&Prime; _builder_version=\u00a0\u00bb3.25&Prime; custom_padding=\u00a0\u00bb|||\u00a0\u00bb custom_padding__hover=\u00a0\u00bb|||\u00a0\u00bb][et_pb_wc_images _builder_version=\u00a0\u00bb3.0.47&Prime;][\/et_pb_wc_images][\/et_pb_column][et_pb_column type=\u00a0\u00bb1_2&Prime; _builder_version=\u00a0\u00bb3.25&Prime; custom_padding=\u00a0\u00bb|||\u00a0\u00bb custom_padding__hover=\u00a0\u00bb|||\u00a0\u00bb][et_pb_wc_title _builder_version=\u00a0\u00bb3.0.47&Prime;][\/et_pb_wc_title][et_pb_wc_rating _builder_version=\u00a0\u00bb4.7.4&Prime; rating_text_color=\u00a0\u00bb#20c1b4&Prime; body_text_color=\u00a0\u00bb#20c1b4&Prime;][\/et_pb_wc_rating][et_pb_wc_price _builder_version=\u00a0\u00bb4.7.4&Prime; body_text_color=\u00a0\u00bb#20c1b4&Prime;][\/et_pb_wc_price][et_pb_wc_description _builder_version=\u00a0\u00bb3.0.47&Prime;][\/et_pb_wc_description][et_pb_wc_add_to_cart _builder_version=\u00a0\u00bb4.7.4&Prime; fields_background_color=\u00a0\u00bb#20c1b4&Prime; body_text_color=\u00a0\u00bb#20c1b4&Prime; custom_button=\u00a0\u00bbon\u00a0\u00bb button_text_color=\u00a0\u00bb#20c1b4&Prime; button_border_radius=\u00a0\u00bb27px\u00a0\u00bb][\/et_pb_wc_add_to_cart][et_pb_wc_meta _builder_version=\u00a0\u00bb4.7.4&Prime; body_text_color=\u00a0\u00bb#20c1b4&Prime;][\/et_pb_wc_meta][\/et_pb_column][\/et_pb_row][et_pb_row _builder_version=\u00a0\u00bb3.25&Prime; background_size=\u00a0\u00bbinitial\u00a0\u00bb background_position=\u00a0\u00bbtop_left\u00a0\u00bb background_repeat=\u00a0\u00bbrepeat\u00a0\u00bb width=\u00a0\u00bb100%\u00a0\u00bb][et_pb_column type=\u00a0\u00bb4_4&Prime; _builder_version=\u00a0\u00bb3.25&Prime; custom_padding=\u00a0\u00bb|||\u00a0\u00bb custom_padding__hover=\u00a0\u00bb|||\u00a0\u00bb][et_pb_wc_tabs _builder_version=\u00a0\u00bb3.0.47&Prime;]\t\t\t\t\t[\/et_pb_wc_tabs][et_pb_wc_upsells _builder_version=\u00a0\u00bb3.0.47&Prime;][\/et_pb_wc_upsells][et_pb_wc_related_products _builder_version=\u00a0\u00bb3.0.47&Prime;][\/et_pb_wc_related_products][\/et_pb_column][\/et_pb_row][\/et_pb_section]<\/p>\n<span class=\"et_bloom_bottom_trigger\"><\/span>","protected":false},"excerpt":{"rendered":"<p>\u00ab Je me pr\u00e9sente : je m&rsquo;appelle Thomas, j&rsquo;ai huit ans et je suis sourd. Pas sourd-muet ni d\u00e9ficient auditif, sourd, tout simplement !<\/p>\n","protected":false},"featured_media":963,"comment_status":"open","ping_status":"closed","template":"","meta":{"_et_pb_use_builder":"on","_et_pb_old_content":"\u00ab Je me pr\u00e9sente : je m'appelle Thomas, j'ai huit ans et je suis sourd. Pas sourd-muet ni d\u00e9ficient auditif, sourd, tout simplement !\r\n\r\nBienvenue dans mon monde o\u00f9 l'on \u00e9coute avec les yeux et o\u00f9 l'on parle avec les mains ! \u00bb\r\n\r\nDans cet imagier en langue des signes fran\u00e7aise, vous allez d\u00e9couvrir la journ\u00e9e d'un jeune gar\u00e7on sourd, du lever jusqu'au coucher. Chaque double-page pr\u00e9sente une \u00e9tape de sa journ\u00e9e : le r\u00e9veil, le petit-d\u00e9jeuner, le transport jusqu'\u00e0 l'\u00e9cole, le cours de sport, d'arts plastiques, l'heure des devoirs, le d\u00eener\u2026 Les mots sign\u00e9s li\u00e9s \u00e0 la th\u00e9matique sont pr\u00e9sent\u00e9s autour d'une grande sc\u00e8ne centrale pleine de vie.\r\n\r\nEn fin d'ouvrage se trouvent plusieurs notions essentielles : les couleurs, les jours de la semaine, la m\u00e9t\u00e9o et l'alphabet dactylologique.\r\n\r\nUn livre \u00e0 partager en famille ou \u00e0 l'\u00e9cole. (Pr\u00e9sentation de l'\u00e9diteur)\r\n\r\nMARCHAL O.- TESSIER T.\r\n\r\nMillepages\r\n\r\n2018-48p-16\u20ac\r\n\r\n605gr\r\n\r\nISBN\u00a0:\r\n978-2-8421843-53\r\n\r\nCote doc\u00a0: 11-MAR-M","_et_gb_content_width":"","spay_email":""},"class_list":["post-961","product","type-product","status-publish","has-post-thumbnail","hentry","product_cat-livres","product_cat-livres-jeunesse","product_tag-enfant","product_tag-jeunesse","product_tag-langue-des-signes"],"jetpack_sharing_enabled":true,"jetpack_likes_enabled":true,"_links":{"self":[{"href":"https:\/\/www.parthages.be\/eboutique\/wp-json\/wp\/v2\/product\/961","targetHints":{"allow":["GET"]}}],"collection":[{"href":"https:\/\/www.parthages.be\/eboutique\/wp-json\/wp\/v2\/product"}],"about":[{"href":"https:\/\/www.parthages.be\/eboutique\/wp-json\/wp\/v2\/types\/product"}],"replies":[{"embeddable":true,"href":"https:\/\/www.parthages.be\/eboutique\/wp-json\/wp\/v2\/comments?post=961"}],"wp:featuredmedia":[{"embeddable":true,"href":"https:\/\/www.parthages.be\/eboutique\/wp-json\/wp\/v2\/media\/963"}],"wp:attachment":[{"href":"https:\/\/www.parthages.be\/eboutique\/wp-json\/wp\/v2\/media?parent=961"}],"curies":[{"name":"wp","href":"https:\/\/api.w.org\/{rel}","templated":true}]}}